{"id":429,"date":"2020-07-09T11:21:10","date_gmt":"2020-07-09T15:21:10","guid":{"rendered":"https:\/\/website.flypaper.com\/?page_id=429"},"modified":"2023-09-25T13:55:14","modified_gmt":"2023-09-25T17:55:14","slug":"academia-noticias","status":"publish","type":"page","link":"https:\/\/flypaper.com\/es\/noticias\/academia-noticias\/","title":{"rendered":"Academia"},"content":{"rendered":"\n[et_pb_section fb_built=&#8221;1&#8243; _builder_version=&#8221;4.16&#8243; _module_preset=&#8221;default&#8221; background_color=&#8221;#00263a&#8221; custom_margin=&#8221;0px||79px||false|false&#8221; bottom_divider_style=&#8221;curve&#8221; bottom_divider_color=&#8221;#ffffff&#8221; bottom_divider_height=&#8221;36px&#8221; border_style_all=&#8221;groove&#8221; border_width_top=&#8221;4px&#8221; border_color_top=&#8221;#e6540f&#8221; border_style_top=&#8221;none&#8221; global_colors_info=&#8221;{}&#8221;][et_pb_row _builder_version=&#8221;4.16&#8243; min_height=&#8221;220px&#8221; custom_margin=&#8221;0px||0px||false|false&#8221; custom_padding=&#8221;0px||0px||false|false&#8221; global_colors_info=&#8221;{}&#8221;][et_pb_column type=&#8221;4_4&#8243; _builder_version=&#8221;4.16&#8243; global_colors_info=&#8221;{}&#8221;][et_pb_blurb title=&#8221;Academy&#8221; use_icon=&#8221;on&#8221; font_icon=&#8221;&#xe0dc;||divi||400&#8243; icon_color=&#8221;#ffffff&#8221; image_icon_width=&#8221;89px&#8221; _builder_version=&#8221;4.16&#8243; header_font=&#8221;|800|||||||&#8221; header_font_size=&#8221;64px&#8221; body_font=&#8221;|300|||||||&#8221; body_font_size=&#8221;18px&#8221; text_orientation=&#8221;center&#8221; background_layout=&#8221;dark&#8221; animation_style=&#8221;slide&#8221; animation_intensity_slide=&#8221;7%&#8221; header_font_size_tablet=&#8221;50px&#8221; header_font_size_phone=&#8221;38px&#8221; header_font_size_last_edited=&#8221;on|desktop&#8221; icon_font_size=&#8221;89px&#8221; global_colors_info=&#8221;{}&#8221;]<p>A collection of tips and tricks we&#8217;ve written to help you work smarter and faster<\/p>[\/et_pb_blurb][\/et_pb_column][\/et_pb_row][\/et_pb_section][et_pb_section fb_built=&#8221;1&#8243; _builder_version=&#8221;4.16&#8243; custom_margin=&#8221;0px||0px||false|false&#8221; custom_padding=&#8221;0px||0px||false|false&#8221; global_colors_info=&#8221;{}&#8221;][et_pb_row _builder_version=&#8221;4.16&#8243; _module_preset=&#8221;default&#8221; custom_margin=&#8221;0px||0px||false|false&#8221; custom_padding=&#8221;0px||0px||false|false&#8221; global_colors_info=&#8221;{}&#8221;][et_pb_column type=&#8221;4_4&#8243; _builder_version=&#8221;4.16&#8243; _module_preset=&#8221;default&#8221; global_colors_info=&#8221;{}&#8221;][et_pb_text _builder_version=&#8221;4.21.0&#8243; _module_preset=&#8221;default&#8221; header_font=&#8221;|800|||||||&#8221; header_font_size=&#8221;64px&#8221; header_2_font=&#8221;|800|||||||&#8221; header_2_font_size=&#8221;35px&#8221; header_3_font=&#8221;|800|||||||&#8221; header_3_font_size=&#8221;35px&#8221; custom_margin=&#8221;||32px|||&#8221; hover_enabled=&#8221;0&#8243; header_font_size_tablet=&#8221;50px&#8221; header_font_size_phone=&#8221;38px&#8221; header_font_size_last_edited=&#8221;on|desktop&#8221; global_colors_info=&#8221;{}&#8221; sticky_enabled=&#8221;0&#8243;]<h3>Videos<\/h3>[\/et_pb_text][\/et_pb_column][\/et_pb_row][et_pb_row column_structure=&#8221;1_2,1_2&#8243; _builder_version=&#8221;4.16&#8243; _module_preset=&#8221;default&#8221; global_colors_info=&#8221;{}&#8221;][et_pb_column type=&#8221;1_2&#8243; _builder_version=&#8221;4.16&#8243; _module_preset=&#8221;default&#8221; global_colors_info=&#8221;{}&#8221;][et_pb_video_slider show_thumbnails=&#8221;off&#8221; play_icon_color=&#8221;#F3A712&#8243; use_icon_font_size=&#8221;on&#8221; icon_font_size=&#8221;100px&#8221; _builder_version=&#8221;4.16&#8243; _module_preset=&#8221;default&#8221; width=&#8221;90%&#8221; width_tablet=&#8221;70%&#8221; width_phone=&#8221;85%&#8221; width_last_edited=&#8221;on|desktop&#8221; module_alignment=&#8221;center&#8221; custom_margin=&#8221;||50px||false|false&#8221; animation_style=&#8221;slide&#8221; animation_direction=&#8221;bottom&#8221; animation_intensity_slide=&#8221;5%&#8221; border_radii=&#8221;on|30px|30px|30px|30px&#8221; global_colors_info=&#8221;{}&#8221;][et_pb_video_slider_item src=&#8221;https:\/\/youtu.be\/8miKwMjdCFk?list=PLu3q051AwMwUs9uQU19okC1MsaV3FTNhf&#8221; _builder_version=&#8221;4.9.0&#8243; _module_preset=&#8221;default&#8221; global_colors_info=&#8221;{}&#8221; show_image_overlay=&#8221;off&#8221;][\/et_pb_video_slider_item][\/et_pb_video_slider][\/et_pb_column][et_pb_column type=&#8221;1_2&#8243; _builder_version=&#8221;4.16&#8243; _module_preset=&#8221;default&#8221; global_colors_info=&#8221;{}&#8221;][et_pb_video_slider show_thumbnails=&#8221;off&#8221; play_icon_color=&#8221;#F3A712&#8243; use_icon_font_size=&#8221;on&#8221; icon_font_size=&#8221;100px&#8221; _builder_version=&#8221;4.16&#8243; _module_preset=&#8221;default&#8221; width=&#8221;90%&#8221; width_tablet=&#8221;70%&#8221; width_phone=&#8221;85%&#8221; width_last_edited=&#8221;on|desktop&#8221; module_alignment=&#8221;center&#8221; custom_margin=&#8221;||50px||false|false&#8221; animation_style=&#8221;slide&#8221; animation_direction=&#8221;bottom&#8221; animation_intensity_slide=&#8221;5%&#8221; border_radii=&#8221;on|30px|30px|30px|30px&#8221; global_colors_info=&#8221;{}&#8221;][et_pb_video_slider_item src=&#8221;https:\/\/youtu.be\/QBtnHLtqzyM&#8221; _builder_version=&#8221;4.9.2&#8243; _module_preset=&#8221;default&#8221; global_colors_info=&#8221;{}&#8221; show_image_overlay=&#8221;off&#8221;][\/et_pb_video_slider_item][\/et_pb_video_slider][\/et_pb_column][\/et_pb_row][et_pb_row _builder_version=&#8221;4.16&#8243; _module_preset=&#8221;default&#8221; global_colors_info=&#8221;{}&#8221;][et_pb_column type=&#8221;4_4&#8243; _builder_version=&#8221;4.16&#8243; _module_preset=&#8221;default&#8221; global_colors_info=&#8221;{}&#8221;][et_pb_text _builder_version=&#8221;4.21.0&#8243; _module_preset=&#8221;default&#8221; header_font=&#8221;|800|||||||&#8221; header_font_size=&#8221;64px&#8221; header_2_font=&#8221;|800|||||||&#8221; header_2_font_size=&#8221;35px&#8221; header_3_font=&#8221;|800|||||||&#8221; header_3_font_size=&#8221;35px&#8221; custom_margin=&#8221;||24px|||&#8221; hover_enabled=&#8221;0&#8243; header_font_size_tablet=&#8221;50px&#8221; header_font_size_phone=&#8221;38px&#8221; header_font_size_last_edited=&#8221;on|desktop&#8221; global_colors_info=&#8221;{}&#8221; sticky_enabled=&#8221;0&#8243;]<h3>Check out the all of our Academy videos<\/h3>[\/et_pb_text][et_pb_button button_url=&#8221;https:\/\/youtube.com\/playlist?list=PLu3q051AwMwUs9uQU19okC1MsaV3FTNhf&#8221; url_new_window=&#8221;on&#8221; button_text=&#8221;See more&#8221; _builder_version=&#8221;4.21.0&#8243; _module_preset=&#8221;default&#8221; custom_button=&#8221;off&#8221; custom_margin=&#8221;||42px|||&#8221; hover_enabled=&#8221;0&#8243; global_colors_info=&#8221;{}&#8221; button_text_size__hover_enabled=&#8221;off|desktop&#8221; sticky_enabled=&#8221;0&#8243;][\/et_pb_button][\/et_pb_column][\/et_pb_row][et_pb_row _builder_version=&#8221;4.16&#8243; custom_padding=&#8221;3px||||false|false&#8221; animation_style=&#8221;slide&#8221; animation_direction=&#8221;bottom&#8221; animation_intensity_slide=&#8221;7%&#8221; saved_tabs=&#8221;all&#8221; global_colors_info=&#8221;{}&#8221;][et_pb_column type=&#8221;4_4&#8243; _builder_version=&#8221;4.16&#8243; global_colors_info=&#8221;{}&#8221;][et_pb_text _builder_version=&#8221;4.21.0&#8243; _module_preset=&#8221;default&#8221; header_font=&#8221;|800|||||||&#8221; header_font_size=&#8221;64px&#8221; header_2_font=&#8221;|800|||||||&#8221; header_2_font_size=&#8221;35px&#8221; header_3_font=&#8221;|800|||||||&#8221; header_3_font_size=&#8221;35px&#8221; custom_margin=&#8221;||32px|||&#8221; hover_enabled=&#8221;0&#8243; header_font_size_tablet=&#8221;50px&#8221; header_font_size_phone=&#8221;38px&#8221; header_font_size_last_edited=&#8221;on|desktop&#8221; global_colors_info=&#8221;{}&#8221; sticky_enabled=&#8221;0&#8243;]<h3>Articles<\/h3>[\/et_pb_text][et_pb_blog posts_number=&#8221;6&#8243; include_categories=&#8221;33&#8243; excerpt_length=&#8221;50&#8243; _builder_version=&#8221;4.21.0&#8243; header_level=&#8221;h4&#8243; header_font_size=&#8221;26px&#8221; body_font_size=&#8221;18px&#8221; read_more_font=&#8221;|800||on|on|||#00263A|&#8221; read_more_font_size=&#8221;18px&#8221; pagination_font=&#8221;|700|||||||&#8221; hover_enabled=&#8221;0&#8243; global_module=&#8221;5078&#8243; global_colors_info=&#8221;{}&#8221; border_radii__hover_enabled=&#8221;off|desktop&#8221; border_radii__hover=&#8221;on|8px|8px|8px|8px&#8221; box_shadow_color__hover_enabled=&#8221;on|hover&#8221; box_shadow_color__hover=&#8221;rgba(0,0,0,0.24)&#8221; transform_styles__hover_enabled=&#8221;off|desktop&#8221; show_author=&#8221;off&#8221; sticky_enabled=&#8221;0&#8243; body_text_color=&#8221;#00263A&#8221; meta_font_size=&#8221;18px&#8221; meta_line_height=&#8221;1.4em&#8221; body_line_height=&#8221;1.4em&#8221; header_line_height=&#8221;1.4em&#8221; box_shadow_blur_last_edited=&#8221;off|desktop&#8221; box_shadow_blur__hover_enabled=&#8221;on|hover&#8221; box_shadow_blur__hover=&#8221;55px&#8221;][\/et_pb_blog][\/et_pb_column][\/et_pb_row][\/et_pb_section]\n","protected":false},"excerpt":{"rendered":"<p>Una colecci\u00f3n de consejos y trucos que hemos escrito para ayudarlo a trabajar de manera m\u00e1s inteligente y r\u00e1pida. VideosVea todos los videos de nuestra Academia. Art\u00edculos<\/p>","protected":false},"author":6,"featured_media":0,"parent":394,"menu_order":0,"comment_status":"closed","ping_status":"closed","template":"","meta":{"_et_pb_use_builder":"on","_et_pb_old_content":"<!-- wp:divi\/placeholder \/-->","_et_gb_content_width":"","footnotes":""},"class_list":["post-429","page","type-page","status-publish","hentry"],"yoast_head":"<!-- This site is optimized with the Yoast SEO plugin v27.3 - https:\/\/yoast.com\/product\/yoast-seo-wordpress\/ -->\n<title>FlyPaper Academy<\/title>\n<meta name=\"description\" content=\"Keep up with all the latest FlyPaper tutorials\" \/>\n<meta name=\"robots\" content=\"index, follow, max-snippet:-1, max-image-preview:large, max-video-preview:-1\" \/>\n<link rel=\"canonical\" href=\"https:\/\/flypaper.com\/es\/noticias\/academia-noticias\/\" \/>\n<meta property=\"og:locale\" content=\"es_ES\" \/>\n<meta property=\"og:type\" content=\"article\" \/>\n<meta property=\"og:title\" content=\"FlyPaper Academy\" \/>\n<meta property=\"og:description\" content=\"Keep up with all the latest FlyPaper tutorials\" \/>\n<meta property=\"og:url\" content=\"https:\/\/flypaper.com\/es\/noticias\/academia-noticias\/\" \/>\n<meta property=\"og:site_name\" content=\"FlyPaper\" \/>\n<meta property=\"article:publisher\" content=\"https:\/\/www.facebook.com\/flypapertech\" \/>\n<meta property=\"article:modified_time\" content=\"2023-09-25T17:55:14+00:00\" \/>\n<meta property=\"og:image\" content=\"https:\/\/flypaper.com\/wp-content\/uploads\/2022\/12\/FlyPaper-thumbnail.png\" \/>\n\t<meta property=\"og:image:width\" content=\"924\" \/>\n\t<meta property=\"og:image:height\" content=\"924\" \/>\n\t<meta property=\"og:image:type\" content=\"image\/png\" \/>\n<meta name=\"twitter:card\" content=\"summary_large_image\" \/>\n<meta name=\"twitter:site\" content=\"@FlyPaper_Tech\" \/>\n<meta name=\"twitter:label1\" content=\"Tiempo de lectura\" \/>\n\t<meta name=\"twitter:data1\" content=\"1 minuto\" \/>\n<script type=\"application\/ld+json\" class=\"yoast-schema-graph\">{\"@context\":\"https:\\\/\\\/schema.org\",\"@graph\":[{\"@type\":\"WebPage\",\"@id\":\"https:\\\/\\\/flypaper.com\\\/news\\\/academy-news\\\/\",\"url\":\"https:\\\/\\\/flypaper.com\\\/news\\\/academy-news\\\/\",\"name\":\"FlyPaper Academy\",\"isPartOf\":{\"@id\":\"https:\\\/\\\/flypaper.com\\\/#website\"},\"datePublished\":\"2020-07-09T15:21:10+00:00\",\"dateModified\":\"2023-09-25T17:55:14+00:00\",\"description\":\"Keep up with all the latest FlyPaper tutorials\",\"breadcrumb\":{\"@id\":\"https:\\\/\\\/flypaper.com\\\/news\\\/academy-news\\\/#breadcrumb\"},\"inLanguage\":\"es\",\"potentialAction\":[{\"@type\":\"ReadAction\",\"target\":[\"https:\\\/\\\/flypaper.com\\\/news\\\/academy-news\\\/\"]}]},{\"@type\":\"BreadcrumbList\",\"@id\":\"https:\\\/\\\/flypaper.com\\\/news\\\/academy-news\\\/#breadcrumb\",\"itemListElement\":[{\"@type\":\"ListItem\",\"position\":1,\"name\":\"Home\",\"item\":\"https:\\\/\\\/flypaper.com\\\/\"},{\"@type\":\"ListItem\",\"position\":2,\"name\":\"News\",\"item\":\"https:\\\/\\\/flypaper.com\\\/news\\\/\"},{\"@type\":\"ListItem\",\"position\":3,\"name\":\"Academy\"}]},{\"@type\":\"WebSite\",\"@id\":\"https:\\\/\\\/flypaper.com\\\/#website\",\"url\":\"https:\\\/\\\/flypaper.com\\\/\",\"name\":\"FlyPaper\",\"description\":\"\",\"publisher\":{\"@id\":\"https:\\\/\\\/flypaper.com\\\/#organization\"},\"potentialAction\":[{\"@type\":\"SearchAction\",\"target\":{\"@type\":\"EntryPoint\",\"urlTemplate\":\"https:\\\/\\\/flypaper.com\\\/?s={search_term_string}\"},\"query-input\":{\"@type\":\"PropertyValueSpecification\",\"valueRequired\":true,\"valueName\":\"search_term_string\"}}],\"inLanguage\":\"es\"},{\"@type\":\"Organization\",\"@id\":\"https:\\\/\\\/flypaper.com\\\/#organization\",\"name\":\"FlyPaper\",\"url\":\"https:\\\/\\\/flypaper.com\\\/\",\"logo\":{\"@type\":\"ImageObject\",\"inLanguage\":\"es\",\"@id\":\"https:\\\/\\\/flypaper.com\\\/#\\\/schema\\\/logo\\\/image\\\/\",\"url\":\"https:\\\/\\\/flypaper.com\\\/wp-content\\\/uploads\\\/2022\\\/11\\\/FlyPaper-technologies-logoFlyPaper-logo.png\",\"contentUrl\":\"https:\\\/\\\/flypaper.com\\\/wp-content\\\/uploads\\\/2022\\\/11\\\/FlyPaper-technologies-logoFlyPaper-logo.png\",\"width\":2888,\"height\":924,\"caption\":\"FlyPaper\"},\"image\":{\"@id\":\"https:\\\/\\\/flypaper.com\\\/#\\\/schema\\\/logo\\\/image\\\/\"},\"sameAs\":[\"https:\\\/\\\/www.facebook.com\\\/flypapertech\",\"https:\\\/\\\/x.com\\\/FlyPaper_Tech\",\"https:\\\/\\\/www.instagram.com\\\/flypaper_tech\\\/\",\"https:\\\/\\\/www.linkedin.com\\\/company\\\/flypaper-tech\",\"https:\\\/\\\/www.youtube.com\\\/channel\\\/UC5kh3E_cEItMxVL75x8zD9g\"]}]}<\/script>\n<!-- \/ Yoast SEO plugin. -->","yoast_head_json":{"title":"Academia FlyPaper","description":"Mant\u00e9ngase al d\u00eda con los \u00faltimos tutoriales de FlyPaper","robots":{"index":"index","follow":"follow","max-snippet":"max-snippet:-1","max-image-preview":"max-image-preview:large","max-video-preview":"max-video-preview:-1"},"canonical":"https:\/\/flypaper.com\/es\/noticias\/academia-noticias\/","og_locale":"es_ES","og_type":"article","og_title":"FlyPaper Academy","og_description":"Keep up with all the latest FlyPaper tutorials","og_url":"https:\/\/flypaper.com\/es\/noticias\/academia-noticias\/","og_site_name":"FlyPaper","article_publisher":"https:\/\/www.facebook.com\/flypapertech","article_modified_time":"2023-09-25T17:55:14+00:00","og_image":[{"width":924,"height":924,"url":"https:\/\/flypaper.com\/wp-content\/uploads\/2022\/12\/FlyPaper-thumbnail.png","type":"image\/png"}],"twitter_card":"summary_large_image","twitter_site":"@FlyPaper_Tech","twitter_misc":{"Tiempo de lectura":"1 minuto"},"schema":{"@context":"https:\/\/schema.org","@graph":[{"@type":"WebPage","@id":"https:\/\/flypaper.com\/news\/academy-news\/","url":"https:\/\/flypaper.com\/news\/academy-news\/","name":"Academia FlyPaper","isPartOf":{"@id":"https:\/\/flypaper.com\/#website"},"datePublished":"2020-07-09T15:21:10+00:00","dateModified":"2023-09-25T17:55:14+00:00","description":"Mant\u00e9ngase al d\u00eda con los \u00faltimos tutoriales de FlyPaper","breadcrumb":{"@id":"https:\/\/flypaper.com\/news\/academy-news\/#breadcrumb"},"inLanguage":"es","potentialAction":[{"@type":"ReadAction","target":["https:\/\/flypaper.com\/news\/academy-news\/"]}]},{"@type":"BreadcrumbList","@id":"https:\/\/flypaper.com\/news\/academy-news\/#breadcrumb","itemListElement":[{"@type":"ListItem","position":1,"name":"Home","item":"https:\/\/flypaper.com\/"},{"@type":"ListItem","position":2,"name":"News","item":"https:\/\/flypaper.com\/news\/"},{"@type":"ListItem","position":3,"name":"Academy"}]},{"@type":"WebSite","@id":"https:\/\/flypaper.com\/#website","url":"https:\/\/flypaper.com\/","name":"Matamoscas","description":"","publisher":{"@id":"https:\/\/flypaper.com\/#organization"},"potentialAction":[{"@type":"SearchAction","target":{"@type":"EntryPoint","urlTemplate":"https:\/\/flypaper.com\/?s={search_term_string}"},"query-input":{"@type":"PropertyValueSpecification","valueRequired":true,"valueName":"search_term_string"}}],"inLanguage":"es"},{"@type":"Organization","@id":"https:\/\/flypaper.com\/#organization","name":"Matamoscas","url":"https:\/\/flypaper.com\/","logo":{"@type":"ImageObject","inLanguage":"es","@id":"https:\/\/flypaper.com\/#\/schema\/logo\/image\/","url":"https:\/\/flypaper.com\/wp-content\/uploads\/2022\/11\/FlyPaper-technologies-logoFlyPaper-logo.png","contentUrl":"https:\/\/flypaper.com\/wp-content\/uploads\/2022\/11\/FlyPaper-technologies-logoFlyPaper-logo.png","width":2888,"height":924,"caption":"FlyPaper"},"image":{"@id":"https:\/\/flypaper.com\/#\/schema\/logo\/image\/"},"sameAs":["https:\/\/www.facebook.com\/flypapertech","https:\/\/x.com\/FlyPaper_Tech","https:\/\/www.instagram.com\/flypaper_tech\/","https:\/\/www.linkedin.com\/company\/flypaper-tech","https:\/\/www.youtube.com\/channel\/UC5kh3E_cEItMxVL75x8zD9g"]}]}},"_links":{"self":[{"href":"https:\/\/flypaper.com\/es\/wp-json\/wp\/v2\/pages\/429","targetHints":{"allow":["GET"]}}],"collection":[{"href":"https:\/\/flypaper.com\/es\/wp-json\/wp\/v2\/pages"}],"about":[{"href":"https:\/\/flypaper.com\/es\/wp-json\/wp\/v2\/types\/page"}],"author":[{"embeddable":true,"href":"https:\/\/flypaper.com\/es\/wp-json\/wp\/v2\/users\/6"}],"replies":[{"embeddable":true,"href":"https:\/\/flypaper.com\/es\/wp-json\/wp\/v2\/comments?post=429"}],"version-history":[{"count":0,"href":"https:\/\/flypaper.com\/es\/wp-json\/wp\/v2\/pages\/429\/revisions"}],"up":[{"embeddable":true,"href":"https:\/\/flypaper.com\/es\/wp-json\/wp\/v2\/pages\/394"}],"wp:attachment":[{"href":"https:\/\/flypaper.com\/es\/wp-json\/wp\/v2\/media?parent=429"}],"curies":[{"name":"wp","href":"https:\/\/api.w.org\/{rel}","templated":true}]}}