{"id":10549,"date":"2021-05-25T11:57:00","date_gmt":"2021-05-25T15:57:00","guid":{"rendered":"https:\/\/flypaper.com\/?page_id=10549"},"modified":"2024-04-18T16:25:29","modified_gmt":"2024-04-18T20:25:29","slug":"legal","status":"publish","type":"page","link":"https:\/\/flypaper.com\/fr\/legal\/","title":{"rendered":"L\u00e9gal"},"content":{"rendered":"<p>[et_pb_section fb_built=&#8221;1&#8243; _builder_version=&#8221;4.16&#8243; _module_preset=&#8221;default&#8221; global_colors_info=&#8221;{}&#8221;][et_pb_row column_structure=&#8221;1_2,1_2&#8243; _builder_version=&#8221;4.16&#8243; _module_preset=&#8221;default&#8221; global_colors_info=&#8221;{}&#8221;][et_pb_column type=&#8221;1_2&#8243; _builder_version=&#8221;4.16&#8243; _module_preset=&#8221;default&#8221; global_colors_info=&#8221;{}&#8221;][et_pb_blurb title=&#8221;Privacy Policy&#8221; image=&#8221;https:\/\/flypaper.com\/wp-content\/uploads\/2021\/05\/2Artboard-22.png&#8221; _builder_version=&#8221;4.21.0&#8243; _dynamic_attributes=&#8221;link_option_url&#8221; _module_preset=&#8221;default&#8221; header_level=&#8221;h3&#8243; header_font=&#8221;|800|||||||&#8221; header_font_size=&#8221;35px&#8221; body_font=&#8221;|300|||||||&#8221; body_text_color=&#8221;#00263A&#8221; body_font_size=&#8221;18px&#8221; body_line_height=&#8221;1.4em&#8221; text_orientation=&#8221;center&#8221; animation_style=&#8221;slide&#8221; animation_direction=&#8221;bottom&#8221; animation_intensity_slide=&#8221;5%&#8221; animation=&#8221;off&#8221; link_option_url=&#8221;@ET-DC@eyJkeW5hbWljIjp0cnVlLCJjb250ZW50IjoicG9zdF9saW5rX3VybF9wYWdlIiwic2V0dGluZ3MiOnsicG9zdF9pZCI6Ijk1NzYifX0=@&#8221; link_option_url_new_window=&#8221;on&#8221; border_radii_image=&#8221;on|30px|30px|30px|30px&#8221; box_shadow_style_image=&#8221;preset3&#8243; global_colors_info=&#8221;{}&#8221;]<\/p>\n<p>Learn more about how we store, protect and use your data.<\/p>\n<p>[\/et_pb_blurb][et_pb_blurb title=&#8221;Terms of Use&#8221; image=&#8221;https:\/\/flypaper.com\/wp-content\/uploads\/2021\/10\/Asset-115.png&#8221; alt=&#8221;Terms of Use&#8221; _builder_version=&#8221;4.21.0&#8243; _dynamic_attributes=&#8221;link_option_url&#8221; _module_preset=&#8221;default&#8221; header_level=&#8221;h3&#8243; header_font=&#8221;|800|||||||&#8221; header_font_size=&#8221;35px&#8221; body_font=&#8221;|300|||||||&#8221; body_text_color=&#8221;#00263A&#8221; body_font_size=&#8221;18px&#8221; body_line_height=&#8221;1.4em&#8221; text_orientation=&#8221;center&#8221; animation_style=&#8221;slide&#8221; animation_direction=&#8221;bottom&#8221; animation_intensity_slide=&#8221;5%&#8221; animation=&#8221;off&#8221; link_option_url=&#8221;@ET-DC@eyJkeW5hbWljIjp0cnVlLCJjb250ZW50IjoicG9zdF9saW5rX3VybF9wYWdlIiwic2V0dGluZ3MiOnsicG9zdF9pZCI6IjE1MjQ4In19@&#8221; link_option_url_new_window=&#8221;on&#8221; border_radii_image=&#8221;on|30px|30px|30px|30px&#8221; box_shadow_style_image=&#8221;preset3&#8243; global_colors_info=&#8221;{}&#8221;]<\/p>\n<p>Learn more about the terms and conditions for use of our platform.<\/p>\n<p>[\/et_pb_blurb][\/et_pb_column][et_pb_column type=&#8221;1_2&#8243; _builder_version=&#8221;4.16&#8243; _module_preset=&#8221;default&#8221; global_colors_info=&#8221;{}&#8221;][et_pb_blurb title=&#8221;Cookie Policy&#8221; image=&#8221;https:\/\/flypaper.com\/wp-content\/uploads\/2021\/05\/2Artboard-2.png&#8221; _builder_version=&#8221;4.21.0&#8243; _dynamic_attributes=&#8221;link_option_url&#8221; _module_preset=&#8221;default&#8221; header_level=&#8221;h3&#8243; header_font=&#8221;|800|||||||&#8221; header_font_size=&#8221;35px&#8221; body_font=&#8221;|300|||||||&#8221; body_text_color=&#8221;#00263A&#8221; body_font_size=&#8221;18px&#8221; body_line_height=&#8221;1.4em&#8221; text_orientation=&#8221;center&#8221; animation_style=&#8221;slide&#8221; animation_direction=&#8221;bottom&#8221; animation_intensity_slide=&#8221;5%&#8221; animation=&#8221;off&#8221; link_option_url=&#8221;@ET-DC@eyJkeW5hbWljIjp0cnVlLCJjb250ZW50IjoicG9zdF9saW5rX3VybF9wYWdlIiwic2V0dGluZ3MiOnsicG9zdF9pZCI6IjEwNTAyIn19@&#8221; link_option_url_new_window=&#8221;on&#8221; border_radii_image=&#8221;on|30px|30px|30px|30px&#8221; box_shadow_style_image=&#8221;preset3&#8243; global_colors_info=&#8221;{}&#8221;]<\/p>\n<p>Learn more about how we use cookies on our platform.<\/p>\n<p>[\/et_pb_blurb][et_pb_text _builder_version=&#8221;4.24.3&#8243; _module_preset=&#8221;default&#8221; header_2_font=&#8221;|800|||||||&#8221; header_2_font_size=&#8221;35px&#8221; header_3_font=&#8221;|800|||||||&#8221; header_3_font_size=&#8221;26px&#8221; header_4_font=&#8221;|800|||||||&#8221; header_4_font_size=&#8221;26px&#8221; custom_margin=&#8221;80px||16px||false|false&#8221; link_option_url=&#8221;trust.flypaper.com&#8221; link_option_url_new_window=&#8221;on&#8221; hover_enabled=&#8221;0&#8243; global_colors_info=&#8221;{}&#8221; sticky_enabled=&#8221;0&#8243;]<\/p>\n<h3>Trust Center security page<\/h3>\n<p>[\/et_pb_text][et_pb_button button_url=&#8221;http:\/\/trust.flypaper.com&#8221; url_new_window=&#8221;on&#8221; button_text=&#8221;Click Here&#8221; _builder_version=&#8221;4.24.2&#8243; _module_preset=&#8221;default&#8221; global_colors_info=&#8221;{}&#8221;][\/et_pb_button][et_pb_text _builder_version=&#8221;4.21.0&#8243; _module_preset=&#8221;default&#8221; header_2_font=&#8221;|800|||||||&#8221; header_2_font_size=&#8221;35px&#8221; header_3_font=&#8221;|800|||||||&#8221; header_3_font_size=&#8221;26px&#8221; header_4_font=&#8221;|800|||||||&#8221; header_4_font_size=&#8221;26px&#8221; custom_margin=&#8221;80px||16px||false|false&#8221; global_colors_info=&#8221;{}&#8221;]<\/p>\n<h4 class=\"styles-root-9bb701\"><span>Data Subject Access Request (DSAR) Form<\/span><\/h4>\n<div class=\"dashboard-content-layout-children-43055b\">\n<div class=\"styles-topColumns-574f4a\"><\/div>\n<\/div>\n<p>[\/et_pb_text][et_pb_button button_url=&#8221;https:\/\/app.termly.io\/notify\/90240b1d-6539-48c0-ab17-b25a02174e21&#8243; url_new_window=&#8221;on&#8221; button_text=&#8221;Click Here&#8221; _builder_version=&#8221;4.16&#8243; _module_preset=&#8221;default&#8221; global_colors_info=&#8221;{}&#8221;][\/et_pb_button][\/et_pb_column][\/et_pb_row][\/et_pb_section]<\/p>\n","protected":false},"excerpt":{"rendered":"<p>En savoir plus sur la fa\u00e7on dont nous stockons, prot\u00e9geons et utilisons vos donn\u00e9es.En savoir plus sur les termes et conditions d&#039;utilisation de notre plateforme.En savoir plus sur la fa\u00e7on dont nous utilisons les cookies sur notre plateforme.Page de s\u00e9curit\u00e9 du Trust CenterFormulaire de demande d&#039;acc\u00e8s aux donn\u00e9es (DSAR)<\/p>","protected":false},"author":6,"featured_media":0,"parent":0,"menu_order":0,"comment_status":"closed","ping_status":"closed","template":"","meta":{"_et_pb_use_builder":"on","_et_pb_old_content":"","_et_gb_content_width":"","footnotes":""},"class_list":["post-10549","page","type-page","status-publish","hentry"],"yoast_head":"<!-- This site is optimized with the Yoast SEO plugin v27.3 - https:\/\/yoast.com\/product\/yoast-seo-wordpress\/ -->\n<title>Legal | FlyPaper<\/title>\n<meta name=\"robots\" content=\"index, follow, max-snippet:-1, max-image-preview:large, max-video-preview:-1\" \/>\n<link rel=\"canonical\" href=\"https:\/\/flypaper.com\/fr\/legal\/\" \/>\n<meta property=\"og:locale\" content=\"fr_FR\" \/>\n<meta property=\"og:type\" content=\"article\" \/>\n<meta property=\"og:title\" content=\"Legal | FlyPaper\" \/>\n<meta property=\"og:description\" content=\"Learn more about how we store, protect and use your data.Learn more about the terms and conditions for use of our platform.Learn more about how we use cookies on our platform.Trust Center security pageData Subject Access Request (DSAR) Form\" \/>\n<meta property=\"og:url\" content=\"https:\/\/flypaper.com\/fr\/legal\/\" \/>\n<meta property=\"og:site_name\" content=\"FlyPaper\" \/>\n<meta property=\"article:publisher\" content=\"https:\/\/www.facebook.com\/flypapertech\" \/>\n<meta property=\"article:modified_time\" content=\"2024-04-18T20:25:29+00:00\" \/>\n<meta property=\"og:image\" content=\"https:\/\/flypaper.com\/wp-content\/uploads\/2022\/12\/FlyPaper-thumbnail.png\" \/>\n\t<meta property=\"og:image:width\" content=\"924\" \/>\n\t<meta property=\"og:image:height\" content=\"924\" \/>\n\t<meta property=\"og:image:type\" content=\"image\/png\" \/>\n<meta name=\"twitter:card\" content=\"summary_large_image\" \/>\n<meta name=\"twitter:site\" content=\"@FlyPaper_Tech\" \/>\n<script type=\"application\/ld+json\" class=\"yoast-schema-graph\">{\"@context\":\"https:\\\/\\\/schema.org\",\"@graph\":[{\"@type\":\"WebPage\",\"@id\":\"https:\\\/\\\/flypaper.com\\\/legal\\\/\",\"url\":\"https:\\\/\\\/flypaper.com\\\/legal\\\/\",\"name\":\"Legal | FlyPaper\",\"isPartOf\":{\"@id\":\"https:\\\/\\\/flypaper.com\\\/#website\"},\"datePublished\":\"2021-05-25T15:57:00+00:00\",\"dateModified\":\"2024-04-18T20:25:29+00:00\",\"breadcrumb\":{\"@id\":\"https:\\\/\\\/flypaper.com\\\/legal\\\/#breadcrumb\"},\"inLanguage\":\"fr-FR\",\"potentialAction\":[{\"@type\":\"ReadAction\",\"target\":[\"https:\\\/\\\/flypaper.com\\\/legal\\\/\"]}]},{\"@type\":\"BreadcrumbList\",\"@id\":\"https:\\\/\\\/flypaper.com\\\/legal\\\/#breadcrumb\",\"itemListElement\":[{\"@type\":\"ListItem\",\"position\":1,\"name\":\"Home\",\"item\":\"https:\\\/\\\/flypaper.com\\\/\"},{\"@type\":\"ListItem\",\"position\":2,\"name\":\"Legal\"}]},{\"@type\":\"WebSite\",\"@id\":\"https:\\\/\\\/flypaper.com\\\/#website\",\"url\":\"https:\\\/\\\/flypaper.com\\\/\",\"name\":\"FlyPaper\",\"description\":\"\",\"publisher\":{\"@id\":\"https:\\\/\\\/flypaper.com\\\/#organization\"},\"potentialAction\":[{\"@type\":\"SearchAction\",\"target\":{\"@type\":\"EntryPoint\",\"urlTemplate\":\"https:\\\/\\\/flypaper.com\\\/?s={search_term_string}\"},\"query-input\":{\"@type\":\"PropertyValueSpecification\",\"valueRequired\":true,\"valueName\":\"search_term_string\"}}],\"inLanguage\":\"fr-FR\"},{\"@type\":\"Organization\",\"@id\":\"https:\\\/\\\/flypaper.com\\\/#organization\",\"name\":\"FlyPaper\",\"url\":\"https:\\\/\\\/flypaper.com\\\/\",\"logo\":{\"@type\":\"ImageObject\",\"inLanguage\":\"fr-FR\",\"@id\":\"https:\\\/\\\/flypaper.com\\\/#\\\/schema\\\/logo\\\/image\\\/\",\"url\":\"https:\\\/\\\/flypaper.com\\\/wp-content\\\/uploads\\\/2022\\\/11\\\/FlyPaper-technologies-logoFlyPaper-logo.png\",\"contentUrl\":\"https:\\\/\\\/flypaper.com\\\/wp-content\\\/uploads\\\/2022\\\/11\\\/FlyPaper-technologies-logoFlyPaper-logo.png\",\"width\":2888,\"height\":924,\"caption\":\"FlyPaper\"},\"image\":{\"@id\":\"https:\\\/\\\/flypaper.com\\\/#\\\/schema\\\/logo\\\/image\\\/\"},\"sameAs\":[\"https:\\\/\\\/www.facebook.com\\\/flypapertech\",\"https:\\\/\\\/x.com\\\/FlyPaper_Tech\",\"https:\\\/\\\/www.instagram.com\\\/flypaper_tech\\\/\",\"https:\\\/\\\/www.linkedin.com\\\/company\\\/flypaper-tech\",\"https:\\\/\\\/www.youtube.com\\\/channel\\\/UC5kh3E_cEItMxVL75x8zD9g\"]}]}<\/script>\n<!-- \/ Yoast SEO plugin. -->","yoast_head_json":{"title":"Juridique | FlyPaper","robots":{"index":"index","follow":"follow","max-snippet":"max-snippet:-1","max-image-preview":"max-image-preview:large","max-video-preview":"max-video-preview:-1"},"canonical":"https:\/\/flypaper.com\/fr\/legal\/","og_locale":"fr_FR","og_type":"article","og_title":"Legal | FlyPaper","og_description":"Learn more about how we store, protect and use your data.Learn more about the terms and conditions for use of our platform.Learn more about how we use cookies on our platform.Trust Center security pageData Subject Access Request (DSAR) Form","og_url":"https:\/\/flypaper.com\/fr\/legal\/","og_site_name":"FlyPaper","article_publisher":"https:\/\/www.facebook.com\/flypapertech","article_modified_time":"2024-04-18T20:25:29+00:00","og_image":[{"width":924,"height":924,"url":"https:\/\/flypaper.com\/wp-content\/uploads\/2022\/12\/FlyPaper-thumbnail.png","type":"image\/png"}],"twitter_card":"summary_large_image","twitter_site":"@FlyPaper_Tech","schema":{"@context":"https:\/\/schema.org","@graph":[{"@type":"WebPage","@id":"https:\/\/flypaper.com\/legal\/","url":"https:\/\/flypaper.com\/legal\/","name":"Juridique | FlyPaper","isPartOf":{"@id":"https:\/\/flypaper.com\/#website"},"datePublished":"2021-05-25T15:57:00+00:00","dateModified":"2024-04-18T20:25:29+00:00","breadcrumb":{"@id":"https:\/\/flypaper.com\/legal\/#breadcrumb"},"inLanguage":"fr-FR","potentialAction":[{"@type":"ReadAction","target":["https:\/\/flypaper.com\/legal\/"]}]},{"@type":"BreadcrumbList","@id":"https:\/\/flypaper.com\/legal\/#breadcrumb","itemListElement":[{"@type":"ListItem","position":1,"name":"Home","item":"https:\/\/flypaper.com\/"},{"@type":"ListItem","position":2,"name":"Legal"}]},{"@type":"WebSite","@id":"https:\/\/flypaper.com\/#website","url":"https:\/\/flypaper.com\/","name":"FlyPaper","description":"","publisher":{"@id":"https:\/\/flypaper.com\/#organization"},"potentialAction":[{"@type":"SearchAction","target":{"@type":"EntryPoint","urlTemplate":"https:\/\/flypaper.com\/?s={search_term_string}"},"query-input":{"@type":"PropertyValueSpecification","valueRequired":true,"valueName":"search_term_string"}}],"inLanguage":"fr-FR"},{"@type":"Organization","@id":"https:\/\/flypaper.com\/#organization","name":"FlyPaper","url":"https:\/\/flypaper.com\/","logo":{"@type":"ImageObject","inLanguage":"fr-FR","@id":"https:\/\/flypaper.com\/#\/schema\/logo\/image\/","url":"https:\/\/flypaper.com\/wp-content\/uploads\/2022\/11\/FlyPaper-technologies-logoFlyPaper-logo.png","contentUrl":"https:\/\/flypaper.com\/wp-content\/uploads\/2022\/11\/FlyPaper-technologies-logoFlyPaper-logo.png","width":2888,"height":924,"caption":"FlyPaper"},"image":{"@id":"https:\/\/flypaper.com\/#\/schema\/logo\/image\/"},"sameAs":["https:\/\/www.facebook.com\/flypapertech","https:\/\/x.com\/FlyPaper_Tech","https:\/\/www.instagram.com\/flypaper_tech\/","https:\/\/www.linkedin.com\/company\/flypaper-tech","https:\/\/www.youtube.com\/channel\/UC5kh3E_cEItMxVL75x8zD9g"]}]}},"_links":{"self":[{"href":"https:\/\/flypaper.com\/fr\/wp-json\/wp\/v2\/pages\/10549","targetHints":{"allow":["GET"]}}],"collection":[{"href":"https:\/\/flypaper.com\/fr\/wp-json\/wp\/v2\/pages"}],"about":[{"href":"https:\/\/flypaper.com\/fr\/wp-json\/wp\/v2\/types\/page"}],"author":[{"embeddable":true,"href":"https:\/\/flypaper.com\/fr\/wp-json\/wp\/v2\/users\/6"}],"replies":[{"embeddable":true,"href":"https:\/\/flypaper.com\/fr\/wp-json\/wp\/v2\/comments?post=10549"}],"version-history":[{"count":2,"href":"https:\/\/flypaper.com\/fr\/wp-json\/wp\/v2\/pages\/10549\/revisions"}],"predecessor-version":[{"id":36990,"href":"https:\/\/flypaper.com\/fr\/wp-json\/wp\/v2\/pages\/10549\/revisions\/36990"}],"wp:attachment":[{"href":"https:\/\/flypaper.com\/fr\/wp-json\/wp\/v2\/media?parent=10549"}],"curies":[{"name":"wp","href":"https:\/\/api.w.org\/{rel}","templated":true}]}}