{"id":2914,"date":"2020-09-17T12:44:58","date_gmt":"2020-09-17T16:44:58","guid":{"rendered":"https:\/\/blog.flypaper.com\/?page_id=2914"},"modified":"2024-11-20T20:16:36","modified_gmt":"2024-11-21T01:16:36","slug":"support","status":"publish","type":"page","link":"https:\/\/flypaper.com\/fr\/page-daccueil\/support\/","title":{"rendered":"Soutien"},"content":{"rendered":"<p>[et_pb_section fb_built=&#8221;1&#8243; _builder_version=&#8221;4.16&#8243; _module_preset=&#8221;default&#8221; background_color=&#8221;#00263a&#8221; custom_margin=&#8221;0px||0px||false|false&#8221; custom_padding=&#8221;19px||116px|||&#8221; bottom_divider_style=&#8221;curve&#8221; bottom_divider_color=&#8221;#ffffff&#8221; bottom_divider_height=&#8221;36px&#8221; border_style_all=&#8221;groove&#8221; border_width_top=&#8221;4px&#8221; border_color_top=&#8221;#e6540f&#8221; border_style_top=&#8221;none&#8221; locked=&#8221;off&#8221; global_colors_info=&#8221;{}&#8221;][et_pb_row _builder_version=&#8221;4.16&#8243; min_height=&#8221;220px&#8221; custom_margin=&#8221;0px||0px||false|false&#8221; custom_padding=&#8221;0px||0px||false|false&#8221; global_colors_info=&#8221;{}&#8221;][et_pb_column type=&#8221;4_4&#8243; _builder_version=&#8221;4.16&#8243; global_colors_info=&#8221;{}&#8221;][et_pb_blurb title=&#8221; FlyPaper support&#8221; image=&#8221;https:\/\/flypaper.com\/wp-content\/uploads\/2021\/01\/Asset-14622.png&#8221; image_icon_width=&#8221;20%&#8221; _builder_version=&#8221;4.25.0&#8243; header_level=&#8221;h1&#8243; header_font=&#8221;Lato|900|||||||&#8221; header_text_color=&#8221;#ffffff&#8221; header_font_size=&#8221;64px&#8221; body_font=&#8221;Roboto|300|||||||&#8221; body_text_color=&#8221;#ffffff&#8221; body_font_size=&#8221;18px&#8221; body_line_height=&#8221;1.4em&#8221; text_orientation=&#8221;center&#8221; background_layout=&#8221;dark&#8221; custom_padding=&#8221;6px|||||&#8221; animation_style=&#8221;slide&#8221; animation_intensity_slide=&#8221;5%&#8221; header_font_size_tablet=&#8221;50px&#8221; header_font_size_phone=&#8221;38px&#8221; header_font_size_last_edited=&#8221;on|phone&#8221; image_max_width=&#8221;20%&#8221; global_colors_info=&#8221;{}&#8221;]<\/p>\n<p>Search our support articles for answers and browse the FlyPaper resources below<\/p>\n<p>[\/et_pb_blurb][et_pb_search exclude_pages=&#8221;off&#8221; include_categories=&#8221;32,3,33,2,6,4,31,1,121,52&#8243; show_button=&#8221;off&#8221; placeholder=&#8221;Search&#8221; button_color=&#8221;rgba(0,0,0,0)&#8221; placeholder_color=&#8221;rgba(0,38,58,0.39)&#8221; _builder_version=&#8221;4.22.0&#8243; _module_preset=&#8221;default&#8221; form_field_background_color=&#8221;#f1f3f4&#8243; form_field_text_color=&#8221;#00263a&#8221; form_field_focus_background_color=&#8221;#ffffff&#8221; form_field_focus_text_color=&#8221;#00263a&#8221; button_font=&#8221;|900|||||||&#8221; button_text_color=&#8221;#00263A&#8221; button_font_size=&#8221;18px&#8221; button_line_height=&#8221;0em&#8221; form_field_font=&#8221;|800|||||||&#8221; form_field_font_size=&#8221;18px&#8221; width=&#8221;60%&#8221; width_tablet=&#8221;85%&#8221; width_phone=&#8221;100%&#8221; width_last_edited=&#8221;on|phone&#8221; module_alignment=&#8221;center&#8221; custom_padding=&#8221;0.715em||0.715em|1.2em|false|false&#8221; animation_style=&#8221;slide&#8221; animation_direction=&#8221;bottom&#8221; animation_intensity_slide=&#8221;7%&#8221; border_radii=&#8221;on|30px|30px|30px|30px&#8221; border_width_all=&#8221;0px&#8221; border_color_all=&#8221;rgba(255,255,255,0.43)&#8221; global_module=&#8221;2919&#8243; saved_tabs=&#8221;all&#8221; global_colors_info=&#8221;{}&#8221; button_font_size__hover_enabled=&#8221;off|desktop&#8221; button_font_size__hover=&#8221;23px&#8221; box_shadow_color__hover_enabled=&#8221;off|hover&#8221; box_shadow_color__hover=&#8221;#6d6d6d&#8221;][\/et_pb_search][\/et_pb_column][\/et_pb_row][\/et_pb_section][et_pb_section fb_built=&#8221;1&#8243; _builder_version=&#8221;4.16&#8243; _module_preset=&#8221;default&#8221; global_colors_info=&#8221;{}&#8221;][et_pb_row _builder_version=&#8221;4.16&#8243; _module_preset=&#8221;default&#8221; custom_padding=&#8221;||53px|||&#8221; global_colors_info=&#8221;{}&#8221;][et_pb_column type=&#8221;4_4&#8243; _builder_version=&#8221;4.16&#8243; _module_preset=&#8221;default&#8221; global_colors_info=&#8221;{}&#8221;][et_pb_text _builder_version=&#8221;4.16&#8243; _module_preset=&#8221;default&#8221; link_font=&#8221;|800||on|on|||#00263A|&#8221; header_font=&#8221;|800|||||||&#8221; header_font_size=&#8221;64px&#8221; header_2_font=&#8221;|800|||||||&#8221; header_2_font_size=&#8221;35px&#8221; header_3_font=&#8221;|800|||||||&#8221; header_3_font_size=&#8221;26px&#8221; animation_style=&#8221;slide&#8221; animation_intensity_slide=&#8221;5%&#8221; header_font_size_tablet=&#8221;50px&#8221; header_font_size_phone=&#8221;38px&#8221; header_font_size_last_edited=&#8221;on|desktop&#8221; global_colors_info=&#8221;{}&#8221;]<\/p>\n<h2>FAQ&#8217;s<\/h2>\n<p>[\/et_pb_text][et_pb_accordion open_toggle_text_color=&#8221;#00263a&#8221; open_toggle_background_color=&#8221;#ffffff&#8221; closed_toggle_text_color=&#8221;#ffffff&#8221; closed_toggle_background_color=&#8221;#00263a&#8221; icon_color=&#8221;#f3a712&#8243; use_icon_font_size=&#8221;on&#8221; icon_font_size=&#8221;23px&#8221; _builder_version=&#8221;4.25.0&#8243; _module_preset=&#8221;default&#8221; toggle_text_color=&#8221;#ffffff&#8221; toggle_level=&#8221;h4&#8243; toggle_font=&#8221;|800|||||||&#8221; toggle_font_size=&#8221;22px&#8221; closed_toggle_font=&#8221;|800|||||||&#8221; body_font=&#8221;|300|||||||&#8221; body_font_size=&#8221;18px&#8221; body_link_font=&#8221;|800||on|on|||#00263A|&#8221; body_link_text_color=&#8221;#00263A&#8221; body_link_font_size=&#8221;18px&#8221; body_link_line_height=&#8221;1.4em&#8221; animation_style=&#8221;slide&#8221; animation_direction=&#8221;bottom&#8221; animation_intensity_slide=&#8221;7%&#8221; hover_transition_duration=&#8221;55ms&#8221; hover_transition_speed_curve=&#8221;ease-in&#8221; custom_css_toggle=&#8221;transition: 0.4s;&#8221; border_radii=&#8221;on|30px|30px|30px|30px&#8221; border_width_all=&#8221;0px&#8221; box_shadow_style=&#8221;preset3&#8243; box_shadow_blur=&#8221;26px&#8221; box_shadow_color=&#8221;rgba(0,0,0,0.09)&#8221; global_colors_info=&#8221;{}&#8221;][et_pb_accordion_item title=&#8221;Sherlock download links&#8221; open=&#8221;on&#8221; _builder_version=&#8221;4.20.4&#8243; _module_preset=&#8221;default&#8221; global_colors_info=&#8221;{}&#8221;]<\/p>\n<p><span>Install the Sherlock version that matches the Navisworks version\u00a0year that you are using.<\/span><\/p>\n<p><span><\/span><\/p>\n<p><span><a data-cke-saved-href=\"https:\/\/flypaper.com\/sherlock\/releases\/2021\" href=\"https:\/\/flypaper.com\/sherlock-download-links\/\" rel=\"noopener noreferrer\" role=\"button\" target=\"_blank\" title=\"https:\/\/flypaper.com\/sherlock-download-links\/\" tabindex=\"0\">Sherlock download links<\/a><\/p>\n<p><\/span><\/p>\n<p>[\/et_pb_accordion_item][et_pb_accordion_item title=&#8221;How do I install Sherlock?&#8221; _builder_version=&#8221;4.25.0&#8243; _module_preset=&#8221;default&#8221; global_colors_info=&#8221;{}&#8221; open=&#8221;off&#8221;]Installing Sherlock only takes a few clicks which we&#8217;ve outlined in an article you can read with the link below.<\/p>\n<p><a href=\"https:\/\/flypaper.com\/standalone-initial-install\/\">Read more<\/a>[\/et_pb_accordion_item][et_pb_accordion_item title=&#8221;Privacy and Cookie Policies &#8211; Legal&#8221; _builder_version=&#8221;4.16&#8243; _module_preset=&#8221;default&#8221; global_colors_info=&#8221;{}&#8221; open=&#8221;off&#8221;]<\/p>\n<p>Click the like below to see all our policy docs.<\/p>\n<p><a href=\"https:\/\/flypaper.com\/legal\/\" target=\"_blank\" rel=\"noopener\">Read more<\/a><\/p>\n<p>[\/et_pb_accordion_item][\/et_pb_accordion][\/et_pb_column][\/et_pb_row][et_pb_row _builder_version=&#8221;4.24.1&#8243; _module_preset=&#8221;default&#8221; global_colors_info=&#8221;{}&#8221;][et_pb_column type=&#8221;4_4&#8243; _builder_version=&#8221;4.24.1&#8243; _module_preset=&#8221;default&#8221; global_colors_info=&#8221;{}&#8221;][et_pb_text _builder_version=&#8221;4.24.1&#8243; _module_preset=&#8221;default&#8221; header_3_font=&#8221;|800|||||||&#8221; header_3_font_size=&#8221;35px&#8221; global_colors_info=&#8221;{}&#8221;]<\/p>\n<h3>FlyPaper Services Status Monitor<\/h3>\n<p>[\/et_pb_text][et_pb_button button_url=&#8221;http:\/\/status.flypaper.com&#8221; button_text=&#8221;Status Page&#8221; _builder_version=&#8221;4.24.1&#8243; _module_preset=&#8221;default&#8221; global_colors_info=&#8221;{}&#8221;][\/et_pb_button][\/et_pb_column][\/et_pb_row][et_pb_row _builder_version=&#8221;4.16&#8243; _module_preset=&#8221;default&#8221; background_color=&#8221;#00263a&#8221; border_radii=&#8221;on|30px|30px|30px|30px&#8221; global_colors_info=&#8221;{}&#8221;][et_pb_column type=&#8221;4_4&#8243; _builder_version=&#8221;4.16&#8243; _module_preset=&#8221;default&#8221; global_colors_info=&#8221;{}&#8221;][et_pb_text _builder_version=&#8221;4.16&#8243; _module_preset=&#8221;default&#8221; link_font=&#8221;|800||on|on|||#00263A|&#8221; header_font=&#8221;|800|||||||&#8221; header_text_color=&#8221;#FFFFFF&#8221; header_font_size=&#8221;64px&#8221; header_2_font=&#8221;|800|||||||&#8221; header_2_text_color=&#8221;#FFFFFF&#8221; header_2_font_size=&#8221;35px&#8221; header_3_font=&#8221;|800|||||||&#8221; header_3_font_size=&#8221;26px&#8221; animation_style=&#8221;slide&#8221; animation_intensity_slide=&#8221;5%&#8221; header_font_size_tablet=&#8221;50px&#8221; header_font_size_phone=&#8221;38px&#8221; header_font_size_last_edited=&#8221;on|desktop&#8221; global_colors_info=&#8221;{}&#8221;]<\/p>\n<h2>Have a support question?<\/h2>\n<p>[\/et_pb_text][et_pb_button button_text=&#8221;Contact support&#8221; module_class=&#8221;popmake-5468&#8243; _builder_version=&#8221;4.16&#8243; _module_preset=&#8221;default&#8221; button_text_color=&#8221;#000000&#8243; button_bg_color=&#8221;#FFFFFF&#8221; button_border_color=&#8221;rgba(0,0,0,0)&#8221; button_letter_spacing=&#8221;1px&#8221; global_colors_info=&#8221;{}&#8221;][\/et_pb_button][\/et_pb_column][\/et_pb_row][et_pb_row _builder_version=&#8221;4.16&#8243; _module_preset=&#8221;default&#8221; custom_margin=&#8221;39px|auto||auto||&#8221; custom_padding=&#8221;||14px|||&#8221; global_colors_info=&#8221;{}&#8221;][et_pb_column type=&#8221;4_4&#8243; _builder_version=&#8221;4.16&#8243; _module_preset=&#8221;default&#8221; global_colors_info=&#8221;{}&#8221;][et_pb_text _builder_version=&#8221;4.25.0&#8243; _module_preset=&#8221;default&#8221; link_font=&#8221;|800||on|on|||#00263A|&#8221; header_font=&#8221;|800|||||||&#8221; header_font_size=&#8221;64px&#8221; header_2_font=&#8221;|800|||||||&#8221; header_2_font_size=&#8221;35px&#8221; header_3_font=&#8221;|800|||||||&#8221; header_3_font_size=&#8221;26px&#8221; animation_style=&#8221;slide&#8221; animation_intensity_slide=&#8221;5%&#8221; header_font_size_tablet=&#8221;50px&#8221; header_font_size_phone=&#8221;38px&#8221; header_font_size_last_edited=&#8221;on|desktop&#8221; global_colors_info=&#8221;{}&#8221;]<\/p>\n<h2>FlyPaper support articles<\/h2>\n<p>[\/et_pb_text][\/et_pb_column][\/et_pb_row][et_pb_row _builder_version=&#8221;4.16&#8243; _module_preset=&#8221;default&#8221; global_colors_info=&#8221;{}&#8221;][et_pb_column type=&#8221;4_4&#8243; _builder_version=&#8221;4.16&#8243; _module_preset=&#8221;default&#8221; global_colors_info=&#8221;{}&#8221;][et_pb_blog posts_number=&#8221;6&#8243; include_categories=&#8221;45&#8243; excerpt_length=&#8221;50&#8243; _builder_version=&#8221;4.16&#8243; header_level=&#8221;h4&#8243; header_font_size=&#8221;22px&#8221; body_font_size=&#8221;18px&#8221; read_more_font=&#8221;|800||on|on|||#00263A|&#8221; read_more_font_size=&#8221;18px&#8221; pagination_font=&#8221;|700|||||||&#8221; border_radii=&#8221;on|26px|26px|26px|26px&#8221; locked=&#8221;off&#8221; global_colors_info=&#8221;{}&#8221; box_shadow_color__hover=&#8221;rgba(0,0,0,0.64)&#8221; box_shadow_color__hover_enabled=&#8221;off|desktop&#8221;][\/et_pb_blog][\/et_pb_column][\/et_pb_row][\/et_pb_section]<\/p>\n","protected":false},"excerpt":{"rendered":"<p>Search our support articles for answers and browse the FlyPaper resources belowFAQ&#8217;sInstall the Sherlock version that matches the Navisworks version\u00a0year that you are using. Sherlock download links Installing Sherlock only takes a few clicks which we&#8217;ve outlined in an article you can read with the link below. Read moreClick the like below to see all [&hellip;]<\/p>\n","protected":false},"author":6,"featured_media":14049,"parent":2546,"menu_order":0,"comment_status":"closed","ping_status":"closed","template":"","meta":{"_et_pb_use_builder":"on","_et_pb_old_content":"","_et_gb_content_width":"","footnotes":""},"class_list":["post-2914","page","type-page","status-publish","has-post-thumbnail","hentry"],"yoast_head":"<!-- This site is optimized with the Yoast SEO plugin v27.3 - https:\/\/yoast.com\/product\/yoast-seo-wordpress\/ -->\n<title>FlyPaper Support | have a question?<\/title>\n<meta name=\"description\" content=\"From step by step tutorials, to quick FAQ&#039;s to getting in touch with our support team, this is your one stop shop for understanding FlyPaper\" \/>\n<meta name=\"robots\" content=\"index, follow, max-snippet:-1, max-image-preview:large, max-video-preview:-1\" \/>\n<link rel=\"canonical\" href=\"https:\/\/flypaper.com\/fr\/page-daccueil\/support\/\" \/>\n<meta property=\"og:locale\" content=\"fr_FR\" \/>\n<meta property=\"og:type\" content=\"article\" \/>\n<meta property=\"og:title\" content=\"FlyPaper Support | have a question?\" \/>\n<meta property=\"og:description\" content=\"From step by step tutorials, to quick FAQ&#039;s to getting in touch with our support team, this is your one stop shop for understanding FlyPaper\" \/>\n<meta property=\"og:url\" content=\"https:\/\/flypaper.com\/fr\/page-daccueil\/support\/\" \/>\n<meta property=\"og:site_name\" content=\"FlyPaper\" \/>\n<meta property=\"article:publisher\" content=\"https:\/\/www.facebook.com\/flypapertech\" \/>\n<meta property=\"article:modified_time\" content=\"2024-11-21T01:16:36+00:00\" \/>\n<meta property=\"og:image\" content=\"https:\/\/flypaper.com\/wp-content\/uploads\/2021\/09\/2Artboard-2_2123.png\" \/>\n\t<meta property=\"og:image:width\" content=\"1418\" \/>\n\t<meta property=\"og:image:height\" content=\"924\" \/>\n\t<meta property=\"og:image:type\" content=\"image\/png\" \/>\n<meta name=\"twitter:card\" content=\"summary_large_image\" \/>\n<meta name=\"twitter:site\" content=\"@FlyPaper_Tech\" \/>\n<meta name=\"twitter:label1\" content=\"Dur\u00e9e de lecture estim\u00e9e\" \/>\n\t<meta name=\"twitter:data1\" content=\"2 minutes\" \/>\n<script type=\"application\/ld+json\" class=\"yoast-schema-graph\">{\"@context\":\"https:\\\/\\\/schema.org\",\"@graph\":[{\"@type\":[\"WebPage\",\"FAQPage\"],\"@id\":\"https:\\\/\\\/flypaper.com\\\/home\\\/support\\\/\",\"url\":\"https:\\\/\\\/flypaper.com\\\/home\\\/support\\\/\",\"name\":\"FlyPaper Support | have a question?\",\"isPartOf\":{\"@id\":\"https:\\\/\\\/flypaper.com\\\/#website\"},\"primaryImageOfPage\":{\"@id\":\"https:\\\/\\\/flypaper.com\\\/home\\\/support\\\/#primaryimage\"},\"image\":{\"@id\":\"https:\\\/\\\/flypaper.com\\\/home\\\/support\\\/#primaryimage\"},\"thumbnailUrl\":\"https:\\\/\\\/flypaper.com\\\/wp-content\\\/uploads\\\/2021\\\/09\\\/2Artboard-2_2123.png\",\"datePublished\":\"2020-09-17T16:44:58+00:00\",\"dateModified\":\"2024-11-21T01:16:36+00:00\",\"description\":\"From step by step tutorials, to quick FAQ's to getting in touch with our support team, this is your one stop shop for understanding FlyPaper\",\"breadcrumb\":{\"@id\":\"https:\\\/\\\/flypaper.com\\\/home\\\/support\\\/#breadcrumb\"},\"inLanguage\":\"fr-FR\",\"potentialAction\":[{\"@type\":\"ReadAction\",\"target\":[\"https:\\\/\\\/flypaper.com\\\/home\\\/support\\\/\"]}]},{\"@type\":\"ImageObject\",\"inLanguage\":\"fr-FR\",\"@id\":\"https:\\\/\\\/flypaper.com\\\/home\\\/support\\\/#primaryimage\",\"url\":\"https:\\\/\\\/flypaper.com\\\/wp-content\\\/uploads\\\/2021\\\/09\\\/2Artboard-2_2123.png\",\"contentUrl\":\"https:\\\/\\\/flypaper.com\\\/wp-content\\\/uploads\\\/2021\\\/09\\\/2Artboard-2_2123.png\",\"width\":1418,\"height\":924,\"caption\":\"Support\"},{\"@type\":\"BreadcrumbList\",\"@id\":\"https:\\\/\\\/flypaper.com\\\/home\\\/support\\\/#breadcrumb\",\"itemListElement\":[{\"@type\":\"ListItem\",\"position\":1,\"name\":\"Home\",\"item\":\"https:\\\/\\\/flypaper.com\\\/\"},{\"@type\":\"ListItem\",\"position\":2,\"name\":\"Home\",\"item\":\"https:\\\/\\\/flypaper.com\\\/\"},{\"@type\":\"ListItem\",\"position\":3,\"name\":\"Support\"}]},{\"@type\":\"WebSite\",\"@id\":\"https:\\\/\\\/flypaper.com\\\/#website\",\"url\":\"https:\\\/\\\/flypaper.com\\\/\",\"name\":\"FlyPaper\",\"description\":\"\",\"publisher\":{\"@id\":\"https:\\\/\\\/flypaper.com\\\/#organization\"},\"potentialAction\":[{\"@type\":\"SearchAction\",\"target\":{\"@type\":\"EntryPoint\",\"urlTemplate\":\"https:\\\/\\\/flypaper.com\\\/?s={search_term_string}\"},\"query-input\":{\"@type\":\"PropertyValueSpecification\",\"valueRequired\":true,\"valueName\":\"search_term_string\"}}],\"inLanguage\":\"fr-FR\"},{\"@type\":\"Organization\",\"@id\":\"https:\\\/\\\/flypaper.com\\\/#organization\",\"name\":\"FlyPaper\",\"url\":\"https:\\\/\\\/flypaper.com\\\/\",\"logo\":{\"@type\":\"ImageObject\",\"inLanguage\":\"fr-FR\",\"@id\":\"https:\\\/\\\/flypaper.com\\\/#\\\/schema\\\/logo\\\/image\\\/\",\"url\":\"https:\\\/\\\/flypaper.com\\\/wp-content\\\/uploads\\\/2022\\\/11\\\/FlyPaper-technologies-logoFlyPaper-logo.png\",\"contentUrl\":\"https:\\\/\\\/flypaper.com\\\/wp-content\\\/uploads\\\/2022\\\/11\\\/FlyPaper-technologies-logoFlyPaper-logo.png\",\"width\":2888,\"height\":924,\"caption\":\"FlyPaper\"},\"image\":{\"@id\":\"https:\\\/\\\/flypaper.com\\\/#\\\/schema\\\/logo\\\/image\\\/\"},\"sameAs\":[\"https:\\\/\\\/www.facebook.com\\\/flypapertech\",\"https:\\\/\\\/x.com\\\/FlyPaper_Tech\",\"https:\\\/\\\/www.instagram.com\\\/flypaper_tech\\\/\",\"https:\\\/\\\/www.linkedin.com\\\/company\\\/flypaper-tech\",\"https:\\\/\\\/www.youtube.com\\\/channel\\\/UC5kh3E_cEItMxVL75x8zD9g\"]}]}<\/script>\n<!-- \/ Yoast SEO plugin. -->","yoast_head_json":{"title":"Prise en charge FlyPaper | avoir une question?","description":"Des didacticiels \u00e9tape par \u00e9tape, aux FAQ rapides pour entrer en contact avec notre \u00e9quipe d&#039;assistance, c&#039;est votre guichet unique pour comprendre FlyPaper","robots":{"index":"index","follow":"follow","max-snippet":"max-snippet:-1","max-image-preview":"max-image-preview:large","max-video-preview":"max-video-preview:-1"},"canonical":"https:\/\/flypaper.com\/fr\/page-daccueil\/support\/","og_locale":"fr_FR","og_type":"article","og_title":"FlyPaper Support | have a question?","og_description":"From step by step tutorials, to quick FAQ's to getting in touch with our support team, this is your one stop shop for understanding FlyPaper","og_url":"https:\/\/flypaper.com\/fr\/page-daccueil\/support\/","og_site_name":"FlyPaper","article_publisher":"https:\/\/www.facebook.com\/flypapertech","article_modified_time":"2024-11-21T01:16:36+00:00","og_image":[{"width":1418,"height":924,"url":"https:\/\/flypaper.com\/wp-content\/uploads\/2021\/09\/2Artboard-2_2123.png","type":"image\/png"}],"twitter_card":"summary_large_image","twitter_site":"@FlyPaper_Tech","twitter_misc":{"Dur\u00e9e de lecture estim\u00e9e":"2 minutes"},"schema":{"@context":"https:\/\/schema.org","@graph":[{"@type":["WebPage","FAQPage"],"@id":"https:\/\/flypaper.com\/home\/support\/","url":"https:\/\/flypaper.com\/home\/support\/","name":"Prise en charge FlyPaper | avoir une question?","isPartOf":{"@id":"https:\/\/flypaper.com\/#website"},"primaryImageOfPage":{"@id":"https:\/\/flypaper.com\/home\/support\/#primaryimage"},"image":{"@id":"https:\/\/flypaper.com\/home\/support\/#primaryimage"},"thumbnailUrl":"https:\/\/flypaper.com\/wp-content\/uploads\/2021\/09\/2Artboard-2_2123.png","datePublished":"2020-09-17T16:44:58+00:00","dateModified":"2024-11-21T01:16:36+00:00","description":"Des didacticiels \u00e9tape par \u00e9tape, aux FAQ rapides pour entrer en contact avec notre \u00e9quipe d&#039;assistance, c&#039;est votre guichet unique pour comprendre FlyPaper","breadcrumb":{"@id":"https:\/\/flypaper.com\/home\/support\/#breadcrumb"},"inLanguage":"fr-FR","potentialAction":[{"@type":"ReadAction","target":["https:\/\/flypaper.com\/home\/support\/"]}]},{"@type":"ImageObject","inLanguage":"fr-FR","@id":"https:\/\/flypaper.com\/home\/support\/#primaryimage","url":"https:\/\/flypaper.com\/wp-content\/uploads\/2021\/09\/2Artboard-2_2123.png","contentUrl":"https:\/\/flypaper.com\/wp-content\/uploads\/2021\/09\/2Artboard-2_2123.png","width":1418,"height":924,"caption":"Support"},{"@type":"BreadcrumbList","@id":"https:\/\/flypaper.com\/home\/support\/#breadcrumb","itemListElement":[{"@type":"ListItem","position":1,"name":"Home","item":"https:\/\/flypaper.com\/"},{"@type":"ListItem","position":2,"name":"Home","item":"https:\/\/flypaper.com\/"},{"@type":"ListItem","position":3,"name":"Support"}]},{"@type":"WebSite","@id":"https:\/\/flypaper.com\/#website","url":"https:\/\/flypaper.com\/","name":"FlyPaper","description":"","publisher":{"@id":"https:\/\/flypaper.com\/#organization"},"potentialAction":[{"@type":"SearchAction","target":{"@type":"EntryPoint","urlTemplate":"https:\/\/flypaper.com\/?s={search_term_string}"},"query-input":{"@type":"PropertyValueSpecification","valueRequired":true,"valueName":"search_term_string"}}],"inLanguage":"fr-FR"},{"@type":"Organization","@id":"https:\/\/flypaper.com\/#organization","name":"FlyPaper","url":"https:\/\/flypaper.com\/","logo":{"@type":"ImageObject","inLanguage":"fr-FR","@id":"https:\/\/flypaper.com\/#\/schema\/logo\/image\/","url":"https:\/\/flypaper.com\/wp-content\/uploads\/2022\/11\/FlyPaper-technologies-logoFlyPaper-logo.png","contentUrl":"https:\/\/flypaper.com\/wp-content\/uploads\/2022\/11\/FlyPaper-technologies-logoFlyPaper-logo.png","width":2888,"height":924,"caption":"FlyPaper"},"image":{"@id":"https:\/\/flypaper.com\/#\/schema\/logo\/image\/"},"sameAs":["https:\/\/www.facebook.com\/flypapertech","https:\/\/x.com\/FlyPaper_Tech","https:\/\/www.instagram.com\/flypaper_tech\/","https:\/\/www.linkedin.com\/company\/flypaper-tech","https:\/\/www.youtube.com\/channel\/UC5kh3E_cEItMxVL75x8zD9g"]}]}},"_links":{"self":[{"href":"https:\/\/flypaper.com\/fr\/wp-json\/wp\/v2\/pages\/2914","targetHints":{"allow":["GET"]}}],"collection":[{"href":"https:\/\/flypaper.com\/fr\/wp-json\/wp\/v2\/pages"}],"about":[{"href":"https:\/\/flypaper.com\/fr\/wp-json\/wp\/v2\/types\/page"}],"author":[{"embeddable":true,"href":"https:\/\/flypaper.com\/fr\/wp-json\/wp\/v2\/users\/6"}],"replies":[{"embeddable":true,"href":"https:\/\/flypaper.com\/fr\/wp-json\/wp\/v2\/comments?post=2914"}],"version-history":[{"count":7,"href":"https:\/\/flypaper.com\/fr\/wp-json\/wp\/v2\/pages\/2914\/revisions"}],"predecessor-version":[{"id":43665,"href":"https:\/\/flypaper.com\/fr\/wp-json\/wp\/v2\/pages\/2914\/revisions\/43665"}],"up":[{"embeddable":true,"href":"https:\/\/flypaper.com\/fr\/wp-json\/wp\/v2\/pages\/2546"}],"wp:featuredmedia":[{"embeddable":true,"href":"https:\/\/flypaper.com\/fr\/wp-json\/wp\/v2\/media\/14049"}],"wp:attachment":[{"href":"https:\/\/flypaper.com\/fr\/wp-json\/wp\/v2\/media?parent=2914"}],"curies":[{"name":"wp","href":"https:\/\/api.w.org\/{rel}","templated":true}]}}